{"id":3988,"date":"2026-01-22T22:07:18","date_gmt":"2026-01-22T21:07:18","guid":{"rendered":"https:\/\/www.carautodemolitori.it\/site\/?page_id=3988"},"modified":"2026-01-22T22:31:08","modified_gmt":"2026-01-22T21:31:08","slug":"privacypolicy","status":"publish","type":"page","link":"https:\/\/www.carautodemolitori.it\/site\/privacypolicy\/","title":{"rendered":"Privacy Policy"},"content":{"rendered":"<div data-colibri-id=\"3988-c1\" class=\"style-734 style-local-3988-c1 position-relative\">\n  <!---->\n  <div data-colibri-component=\"section\" data-colibri-id=\"3988-c2\" id=\"custom\" class=\"h-section h-section-global-spacing d-flex align-items-lg-center align-items-md-center align-items-center style-735 style-local-3988-c2 position-relative\">\n    <!---->\n    <!---->\n    <div class=\"h-section-grid-container h-section-boxed-container\">\n      <!---->\n      <div data-colibri-id=\"3988-c3\" class=\"h-row-container gutters-row-lg-2 gutters-row-md-2 gutters-row-0 gutters-row-v-lg-2 gutters-row-v-md-2 gutters-row-v-2 style-736 style-local-3988-c3 position-relative\">\n        <!---->\n        <div class=\"h-row justify-content-lg-center justify-content-md-center justify-content-center align-items-lg-stretch align-items-md-stretch align-items-stretch gutters-col-lg-2 gutters-col-md-2 gutters-col-0 gutters-col-v-lg-2 gutters-col-v-md-2 gutters-col-v-2\">\n          <!---->\n          <div class=\"h-column h-column-container d-flex h-col-lg-auto h-col-md-auto h-col-auto style-737-outer style-local-3988-c4-outer\">\n            <div data-colibri-id=\"3988-c4\" class=\"d-flex h-flex-basis h-column__inner h-px-lg-2 h-px-md-2 h-px-2 v-inner-lg-2 v-inner-md-2 v-inner-2 style-737 style-local-3988-c4 position-relative\">\n              <!---->\n              <!---->\n              <div class=\"w-100 h-y-container h-column__content h-column__v-align flex-basis-100 align-self-lg-start align-self-md-start align-self-start\">\n                <!---->\n                <div data-colibri-id=\"3988-c5\" class=\"h-text h-text-component style-738 style-local-3988-c5 position-relative h-element\">\n                  <!---->\n                  <!---->\n                  <div class=\"\">\n                    <p><strong style=\"color: rgb(0, 0, 0);\">Informativa sulla Privacy<\/strong><span style=\"color: rgb(0, 0, 0);\"><br> Ultimo aggiornamento: 22-gen-2026<br> <\/span><\/p>\n                    <p><span style=\"color: rgb(0, 0, 0);\">La presente Informativa sulla Privacy descrive le politiche di <\/span><strong style=\"color: rgb(0, 0, 0);\">C.A.R. Autodemolitori Riuniti<\/strong><span style=\"color: rgb(0, 0, 0);\">, Via Oreste Tommasini I, Roma 00162, Italia, email: <\/span>\n                      <span\n                        style=\"color: rgb(10, 10, 10);\">infocarautodemolitori@gmail.com<\/span><span style=\"color: rgb(0, 0, 0);\">, telefono: 0686202835, in merito alla raccolta, all\u2019utilizzo e alla divulgazione delle informazioni che raccogliamo quando utilizzi il nostro sito web (<\/span>\n                        <a\n                          href=\"https:\/\/www.carautodemolitori.it\/site\" style=\"color: rgb(0, 0, 0);\" rel=\"noopener\" target=\"_new\" draggable=\"false\">http:\/\/www.carautodemolitori.it\/site<\/a><span style=\"color: rgb(0, 0, 0);\">) (il \u201cServizio\u201d). Accedendo o utilizzando il Servizio, acconsenti alla raccolta, all\u2019uso e alla divulgazione delle tue informazioni in conformit\u00e0 con la presente Informativa sulla Privacy. Se non acconsenti, ti invitiamo a non accedere n\u00e9 utilizzare il Servizio.<\/span><\/p>\n                    <p><span style=\"color: rgb(0, 0, 0);\">Potremmo modificare la presente Informativa sulla Privacy in qualsiasi momento senza preavviso e pubblicheremo l\u2019Informativa aggiornata sul Servizio. L\u2019Informativa aggiornata entrer\u00e0 in vigore 180 giorni dopo la sua pubblicazione sul Servizio e il tuo continuo accesso o utilizzo del Servizio dopo tale termine costituir\u00e0 accettazione della nuova Informativa sulla Privacy. Ti consigliamo pertanto di consultare periodicamente questa pagina.<\/span><\/p>\n                    <h3><span style=\"color: rgb(0, 0, 0);\">Informazioni che raccogliamo<\/span><\/h3>\n                    <p><span style=\"color: rgb(0, 0, 0);\">Raccoglieremo e tratteremo le seguenti informazioni personali che ti riguardano:<\/span><\/p>\n                    <ul>\n                      <li><span style=\"color: rgb(0, 0, 0);\">Nome<\/span><\/li>\n                      <li><span style=\"color: rgb(0, 0, 0);\">Email<\/span><\/li>\n                      <li><span style=\"color: rgb(0, 0, 0);\">Indirizzo di lavoro<\/span><\/li>\n                      <li><span style=\"color: rgb(0, 0, 0);\">Informazioni di pagamento<\/span><\/li>\n                    <\/ul>\n                    <h3><span style=\"color: rgb(0, 0, 0);\">Come utilizziamo le tue informazioni<\/span><\/h3>\n                    <p><span style=\"color: rgb(0, 0, 0);\">Utilizzeremo le informazioni raccolte per le seguenti finalit\u00e0:<\/span><\/p>\n                    <ul>\n                      <li><span style=\"color: rgb(0, 0, 0);\">Creazione dell\u2019account utente<\/span><\/li>\n                      <li><span style=\"color: rgb(0, 0, 0);\">Elaborazione dei pagamenti<\/span><\/li>\n                      <li><span style=\"color: rgb(0, 0, 0);\">Commenti tra utenti<\/span><\/li>\n                      <li><span style=\"color: rgb(0, 0, 0);\">Gestione dell\u2019account utente<\/span><\/li>\n                    <\/ul>\n                    <p><span style=\"color: rgb(0, 0, 0);\">Qualora intendessimo utilizzare le tue informazioni per qualsiasi altra finalit\u00e0, ti chiederemo il consenso e le utilizzeremo solo dopo averlo ottenuto e unicamente per le finalit\u00e0 per cui il consenso \u00e8 stato concesso, salvo obblighi di legge contrari.<\/span><\/p>\n                    <h3><span style=\"color: rgb(0, 0, 0);\">Conservazione delle informazioni<\/span><\/h3>\n                    <p><span style=\"color: rgb(0, 0, 0);\">Conserveremo le tue informazioni personali per un periodo compreso tra 90 giorni e 2 anni dopo la chiusura dell\u2019account da parte dell\u2019utente o per il tempo necessario a soddisfare le finalit\u00e0 per cui sono state raccolte, come descritto nella presente Informativa sulla Privacy. Potremmo essere tenuti a conservare alcune informazioni per periodi pi\u00f9 lunghi per obblighi di legge, di rendicontazione o per altri motivi legittimi, come l\u2019esercizio di diritti legali o la prevenzione delle frodi. Le informazioni anonime residue e le informazioni aggregate, che non consentono l\u2019identificazione dell\u2019utente (diretta o indiretta), possono essere conservate a tempo indeterminato.<\/span><\/p>\n                    <h3><span style=\"color: rgb(0, 0, 0);\">I tuoi diritti<\/span><\/h3>\n                    <p><span style=\"color: rgb(0, 0, 0);\">In base alla normativa applicabile, potresti avere il diritto di accedere, rettificare o cancellare i tuoi dati personali, riceverne una copia, limitare o opporti al trattamento dei dati, richiedere la portabilit\u00e0 dei dati verso un\u2019altra entit\u00e0, revocare il consenso precedentemente fornito, presentare un reclamo a un\u2019autorit\u00e0 competente e altri diritti previsti dalla legge.<\/span><\/p>\n                    <p><span style=\"color: rgb(0, 0, 0);\">Per esercitare tali diritti, puoi scriverci all\u2019indirizzo <\/span><strong style=\"color: rgb(0, 0, 0);\" rel=\"noopener\">infocarautodemolitori@gmail.com<\/strong><span style=\"color: rgb(0, 0, 0);\">. Risponderemo alla tua richiesta in conformit\u00e0 con la normativa applicabile.<\/span><\/p>\n                    <p><span style=\"color: rgb(0, 0, 0);\">Puoi opporti alla ricezione di comunicazioni di marketing diretto o alle attivit\u00e0 di profilazione a fini di marketing scrivendo a <\/span><strong style=\"color: rgb(0, 0, 0);\" rel=\"noopener\">infocarautodemolitori@gmail.com<\/strong>\n                      <span\n                        style=\"color: rgb(0, 0, 0);\">.<\/span>\n                    <\/p>\n                    <p><span style=\"color: rgb(0, 0, 0);\">Tieni presente che, se non ci autorizzi a raccogliere o trattare le informazioni personali necessarie o revochi il consenso al loro trattamento per le finalit\u00e0 richieste, potresti non essere in grado di accedere o utilizzare i servizi per i quali tali informazioni erano necessarie.<\/span><\/p>\n                    <h3><span style=\"color: rgb(0, 0, 0);\">Cookie e tecnologie simili<\/span><\/h3>\n                    <p><span style=\"color: rgb(0, 0, 0);\">Per ulteriori informazioni sull\u2019uso dei cookie e delle tecnologie di tracciamento e sulle tue scelte in merito, ti invitiamo a consultare la nostra <\/span>\n                      <a href=\"https:\/\/www.carautodemolitori.it\/site\/cookiepolicy\"\n                        style=\"color: rgb(0, 0, 0);\" target=\"_blank\" draggable=\"false\">Cookie Policy<\/a><span style=\"color: rgb(0, 0, 0);\">.<\/span><\/p>\n                    <h3><span style=\"color: rgb(0, 0, 0);\">Sicurezza<\/span><\/h3>\n                    <p><span style=\"color: rgb(0, 0, 0);\">La sicurezza delle tue informazioni \u00e8 importante per noi e adottiamo misure di sicurezza ragionevoli per prevenire la perdita, l\u2019uso improprio o l\u2019alterazione non autorizzata delle informazioni sotto il nostro controllo. Tuttavia, dati i rischi intrinseci, non possiamo garantire una sicurezza assoluta e pertanto non possiamo assicurare n\u00e9 garantire la sicurezza delle informazioni che ci trasmetti, che avviene a tuo rischio.<\/span><\/p>\n                    <h3><span style=\"color: rgb(0, 0, 0);\">Link a terze parti e utilizzo delle informazioni<\/span><\/h3>\n                    <p><span style=\"color: rgb(0, 0, 0);\">Il Servizio pu\u00f2 contenere link a siti web di terze parti non gestiti da noi. La presente Informativa sulla Privacy non si applica alle politiche sulla privacy e alle pratiche di terze parti, inclusi i soggetti che gestiscono siti o servizi accessibili tramite link presenti sul Servizio. Ti consigliamo vivamente di consultare l\u2019informativa sulla privacy di ogni sito che visiti. Non abbiamo alcun controllo e non ci assumiamo alcuna responsabilit\u00e0 per i contenuti, le politiche sulla privacy o le pratiche di siti o servizi di terze parti.<\/span><\/p>\n                    <p><span style=\"font-family: Open Sans; color: rgb(0, 0, 0); font-size: 200%;\">Reclami \/ Responsabile della protezione dei dati<\/span><span style=\"font-family: Open Sans;\"><br><\/span><span style=\"font-family: Open Sans; font-size: 98%; color: rgb(0, 0, 0);\">Per qualsiasi domanda o dubbio sul trattamento delle tue informazioni in nostro possesso, puoi contattare il nostro Responsabile dei Reclami presso <\/span>\n                      <strong\n                        style=\"font-family: Open Sans; font-size: 98%; color: rgb(0, 0, 0);\">C.A.R. Autodemolitori Riuniti<\/strong><span style=\"font-family: Open Sans; font-size: 98%; color: rgb(0, 0, 0);\">, Via Oreste Tommasini I, email: <\/span><strong style=\"font-family: Open Sans; font-size: 98%; color: rgb(0, 0, 0);\"\n                          rel=\"noopener\">infocarautodemolitori@gmail.com<\/strong><span style=\"font-family: Open Sans; font-size: 98%; color: rgb(0, 0, 0);\">. Affronteremo le tue richieste in conformit\u00e0 alla normativa applicabile.<br><\/span><\/p>\n                    <p>\n                      <br>\n                    <\/p>\n                  <\/div>\n                <\/div>\n              <\/div>\n            <\/div>\n          <\/div>\n        <\/div>\n      <\/div>\n    <\/div>\n  <\/div>\n<\/div>","protected":false},"excerpt":{"rendered":"<p>Informativa sulla Privacy Ultimo aggiornamento: 22-gen-2026 La presente Informativa sulla Privacy descrive le politiche di C.A.R. Autodemolitori Riuniti, Via Oreste Tommasini I, Roma 00162, Italia, email: infocarautodemolitori@gmail.com, telefono: 0686202835, in merito alla raccolta, all\u2019utilizzo e alla divulgazione delle informazioni che raccogliamo quando utilizzi il nostro sito web ( http:\/\/www.carautodemolitori.it\/site) (il \u201cServizio\u201d). Accedendo o utilizzando il [&hellip;]<\/p>\n","protected":false},"author":2,"featured_media":0,"parent":0,"menu_order":0,"comment_status":"closed","ping_status":"closed","template":"page-templates\/full-width-page.php","meta":{"footnotes":""},"class_list":["post-3988","page","type-page","status-publish","hentry"],"_links":{"self":[{"href":"https:\/\/www.carautodemolitori.it\/site\/wp-json\/wp\/v2\/pages\/3988","targetHints":{"allow":["GET"]}}],"collection":[{"href":"https:\/\/www.carautodemolitori.it\/site\/wp-json\/wp\/v2\/pages"}],"about":[{"href":"https:\/\/www.carautodemolitori.it\/site\/wp-json\/wp\/v2\/types\/page"}],"author":[{"embeddable":true,"href":"https:\/\/www.carautodemolitori.it\/site\/wp-json\/wp\/v2\/users\/2"}],"replies":[{"embeddable":true,"href":"https:\/\/www.carautodemolitori.it\/site\/wp-json\/wp\/v2\/comments?post=3988"}],"version-history":[{"count":6,"href":"https:\/\/www.carautodemolitori.it\/site\/wp-json\/wp\/v2\/pages\/3988\/revisions"}],"predecessor-version":[{"id":4015,"href":"https:\/\/www.carautodemolitori.it\/site\/wp-json\/wp\/v2\/pages\/3988\/revisions\/4015"}],"wp:attachment":[{"href":"https:\/\/www.carautodemolitori.it\/site\/wp-json\/wp\/v2\/media?parent=3988"}],"curies":[{"name":"wp","href":"https:\/\/api.w.org\/{rel}","templated":true}]}}